{"id":220,"date":"2020-05-12T03:43:05","date_gmt":"2020-05-12T03:43:05","guid":{"rendered":"https:\/\/mracontadores.com\/index.php\/contact\/"},"modified":"2025-10-16T16:10:52","modified_gmt":"2025-10-16T16:10:52","slug":"contact","status":"publish","type":"page","link":"https:\/\/mracontadores.com\/index.php\/contact\/","title":{"rendered":"Contact"},"content":{"rendered":"\n<div class=\"wp-block-uagb-container uagb-block-2f179a9d alignfull uagb-is-root-container\"><div class=\"uagb-container-inner-blocks-wrap\">\n<div class=\"wp-block-uagb-advanced-heading uagb-block-b63e11bc\"><h1 class=\"uagb-heading-text\">Contacto<\/h1><\/div>\n<\/div><\/div>\n\n\n\n<div class=\"wp-block-uagb-container uagb-block-d90df481 alignfull uagb-is-root-container\"><div class=\"uagb-container-inner-blocks-wrap\">\n<div class=\"wp-block-uagb-container uagb-block-e4067ef2\">\n<div class=\"wp-block-uagb-info-box uagb-block-c08acf60 uagb-infobox__content-wrap  uagb-infobox-icon-above-title uagb-infobox-image-valign-top\"><div class=\"uagb-ifb-content\"><div class=\"uagb-ifb-title-wrap\"><h3 class=\"uagb-ifb-title\"><br><strong>Tu Primer Paso Hacia Soluciones Financieras S\u00f3lidas<\/strong><\/h3><\/div><p class=\"uagb-ifb-desc\"><br>En Moreno Ramos y Asociados S.C., estamos listos para ser tu aliado en asuntos contables y financieros. Si est\u00e1s buscando soluciones s\u00f3lidas y confiables para tus necesidades contables en Cd. Obreg\u00f3n, Sonora, y m\u00e1s all\u00e1, estamos aqu\u00ed para ti.<\/p><\/div><\/div>\n<\/div>\n\n\n\n<div class=\"wp-block-uagb-container uagb-block-e014d798\">\n<div class=\"wp-block-uagb-info-box uagb-block-9c431153 uagb-infobox__content-wrap  uagb-infobox-icon-above-title uagb-infobox-image-valign-top\"><div class=\"uagb-ifb-content\"><div class=\"uagb-ifb-title-wrap\"><h3 class=\"uagb-ifb-title\"><br><strong>\u00a1Conversemos y Descubre C\u00f3mo Podemos Ayudarte!<\/strong><\/h3><\/div><p class=\"uagb-ifb-desc\"><br>\u00bfTienes preguntas sobre nuestros servicios contables? \u00bfNecesitas asesoramiento financiero personalizado? \u00bfDeseas optimizar tus obligaciones fiscales con la ayuda de expertos? Sea cual sea tu consulta, estamos listos para escucharte y ofrecerte respuestas claras y efectivas.<\/p><\/div><\/div>\n<\/div>\n\n\n\n<div class=\"wp-block-uagb-info-box uagb-block-e57e4795 uagb-infobox__content-wrap  uagb-infobox-icon-above-title uagb-infobox-image-valign-top\"><div class=\"uagb-ifb-content\"><div class=\"uagb-ifb-title-wrap\"><h3 class=\"uagb-ifb-title\"><br><strong>Tu Socio Contable Donde Sea que Est\u00e9s<\/strong><\/h3><\/div><p class=\"uagb-ifb-desc\"><br>Si bien estamos ubicados en Cd. Obreg\u00f3n, Sonora, nuestros servicios se extienden a todo M\u00e9xico. No importa d\u00f3nde te encuentres, nuestro equipo de expertos est\u00e1 a tu disposici\u00f3n para brindarte asesoramiento contable y financiero a medida, donde la distancia no es un obst\u00e1culo.<\/p><\/div><\/div>\n<\/div><\/div>\n\n\n\n<div class=\"wp-block-uagb-advanced-heading uagb-block-aedfbc40\"><h2 class=\"uagb-heading-text\">Contactanos<\/h2><\/div>\n\n\n\n<div class=\"wp-block-uagb-container uagb-block-0452d32b alignfull uagb-is-root-container\"><div class=\"uagb-container-inner-blocks-wrap\">\n<div class=\"wp-block-uagb-container uagb-block-6733f2c0\">\n<div class=\"wp-block-uagb-advanced-heading uagb-block-cf408896\"><h2 class=\"uagb-heading-text\">INFO<\/h2><\/div>\n\n\n\n<div class=\"wp-block-uagb-advanced-heading uagb-block-cca59545\"><h3 class=\"uagb-heading-text\">numbers\u200b<\/h3><\/div>\n\n\n\n<div class=\"wp-block-uagb-info-box uagb-block-6ef1804e uagb-infobox__content-wrap  uagb-infobox-icon-left-title uagb-infobox-left uagb-infobox-image-valign-top\"><div class=\"uagb-ifb-content\"><div class=\"uagb-ifb-left-title-image\"><div class=\"uagb-ifb-icon-wrap\"><svg xmlns=\"https:\/\/www.w3.org\/2000\/svg\" viewBox=\"0 0 512 512\"><path d=\"M511.2 387l-23.25 100.8c-3.266 14.25-15.79 24.22-30.46 24.22C205.2 512 0 306.8 0 54.5c0-14.66 9.969-27.2 24.22-30.45l100.8-23.25C139.7-2.602 154.7 5.018 160.8 18.92l46.52 108.5c5.438 12.78 1.77 27.67-8.98 36.45L144.5 207.1c33.98 69.22 90.26 125.5 159.5 159.5l44.08-53.8c8.688-10.78 23.69-14.51 36.47-8.975l108.5 46.51C506.1 357.2 514.6 372.4 511.2 387z\"><\/path><\/svg><\/div><div class=\"uagb-ifb-title-wrap\"><\/div><\/div><p class=\"uagb-ifb-desc\"><a href=\"https:\/\/www.google.com\/search?q=moreno+ramos+y+asociados%2C+s.c.&amp;oq=moreno+ramos+y+asociados%2C+s.c.&amp;aqs=chrome.0.69i59j69i60j69i61l2.5072j0j7&amp;sourceid=chrome&amp;ie=UTF-8#\">644 690 0898<\/a><\/p><\/div><\/div>\n\n\n\n<div class=\"wp-block-uagb-advanced-heading uagb-block-f908e4dc\"><h3 class=\"uagb-heading-text\">email\u200b<\/h3><\/div>\n\n\n\n<div class=\"wp-block-uagb-icon-list uagb-block-9b791f97\"><div class=\"uagb-icon-list__wrap\">\n<div class=\"wp-block-uagb-icon-list-child uagb-block-b8008837\"><a target=\"_self\" aria-label=\"contacto@mracontadores.com\" rel=\"noopener noreferrer\" href=\"#\"> <\/a><span class=\"uagb-icon-list__source-wrap\"><svg xmlns=\"https:\/\/www.w3.org\/2000\/svg\" viewBox=\"0 0 512 512\"><path d=\"M191.1 224c0-17.72-14.34-32.04-32-32.04L144 192c-35.34 0-64 28.66-64 64.08v47.79C80 339.3 108.7 368 144 368H160c17.66 0 32-14.36 32-32.06L191.1 224zM256 0C112.9 0 4.583 119.1 .0208 256L0 296C0 309.3 10.75 320 23.1 320S48 309.3 48 296V256c0-114.7 93.34-207.8 208-207.8C370.7 48.2 464 141.3 464 256v144c0 22.09-17.91 40-40 40h-110.7C305 425.7 289.7 416 272 416H241.8c-23.21 0-44.5 15.69-48.87 38.49C187 485.2 210.4 512 239.1 512H272c17.72 0 33.03-9.711 41.34-24H424c48.6 0 88-39.4 88-88V256C507.4 119.1 399.1 0 256 0zM368 368c35.34 0 64-28.7 64-64.13V256.1C432 220.7 403.3 192 368 192l-16 0c-17.66 0-32 14.34-32 32.04L320 335.9C320 353.7 334.3 368 352 368H368z\"><\/path><\/svg><\/span><span class=\"uagb-icon-list__label\">contacto@mracontadores.com<\/span><\/div>\n<\/div><\/div>\n\n\n\n<div class=\"wp-block-uagb-advanced-heading uagb-block-d9c55af5\"><h3 class=\"uagb-heading-text\">Horario de atenci\u00f3n<\/h3><p class=\"uagb-desc-text\">Lunes \u2014 Viernes 9am \u2013 5pm<br><\/p><\/div>\n<\/div>\n\n\n\n<div class=\"wpcf7 no-js\" id=\"wpcf7-f956-o1\" lang=\"es-ES\" dir=\"ltr\" data-wpcf7-id=\"956\">\n<div class=\"screen-reader-response\"><p role=\"status\" aria-live=\"polite\" aria-atomic=\"true\"><\/p> <ul><\/ul><\/div>\n<form action=\"\/index.php\/wp-json\/wp\/v2\/pages\/220#wpcf7-f956-o1\" method=\"post\" class=\"wpcf7-form init\" aria-label=\"Formulario de contacto\" novalidate=\"novalidate\" data-status=\"init\">\n<fieldset class=\"hidden-fields-container\"><input type=\"hidden\" name=\"_wpcf7\" value=\"956\" \/><input type=\"hidden\" name=\"_wpcf7_version\" value=\"6.1.5\" \/><input type=\"hidden\" name=\"_wpcf7_locale\" value=\"es_ES\" \/><input type=\"hidden\" name=\"_wpcf7_unit_tag\" value=\"wpcf7-f956-o1\" \/><input type=\"hidden\" name=\"_wpcf7_container_post\" value=\"0\" \/><input type=\"hidden\" name=\"_wpcf7_posted_data_hash\" value=\"\" \/>\n<\/fieldset>\n<p><label> Tu nombre<br \/>\n<span class=\"wpcf7-form-control-wrap\" data-name=\"your-name\"><input size=\"40\" maxlength=\"400\" class=\"wpcf7-form-control wpcf7-text wpcf7-validates-as-required\" autocomplete=\"name\" aria-required=\"true\" aria-invalid=\"false\" value=\"\" type=\"text\" name=\"your-name\" \/><\/span> <\/label>\n<\/p>\n<p><label> Tu correo electr\u00f3nico<br \/>\n<span class=\"wpcf7-form-control-wrap\" data-name=\"your-email\"><input size=\"40\" maxlength=\"400\" class=\"wpcf7-form-control wpcf7-email wpcf7-validates-as-required wpcf7-text wpcf7-validates-as-email\" autocomplete=\"email\" aria-required=\"true\" aria-invalid=\"false\" value=\"\" type=\"email\" name=\"your-email\" \/><\/span> <\/label>\n<\/p>\n<p><label> Asunto<br \/>\n<span class=\"wpcf7-form-control-wrap\" data-name=\"your-subject\"><input size=\"40\" maxlength=\"400\" class=\"wpcf7-form-control wpcf7-text wpcf7-validates-as-required\" aria-required=\"true\" aria-invalid=\"false\" value=\"\" type=\"text\" name=\"your-subject\" \/><\/span> <\/label>\n<\/p>\n<p><label> Tu mensaje (opcional)<br \/>\n<span class=\"wpcf7-form-control-wrap\" data-name=\"your-message\"><textarea cols=\"40\" rows=\"10\" maxlength=\"2000\" class=\"wpcf7-form-control wpcf7-textarea\" aria-invalid=\"false\" name=\"your-message\"><\/textarea><\/span> <\/label>\n<\/p>\n<p><input class=\"wpcf7-form-control wpcf7-submit has-spinner\" type=\"submit\" value=\"Enviar\" \/>\n<\/p>\n<p>Este formulario usa Akismet para reducir el spam. <a target=\"_blank\" rel=\"nofollow noopener\" href=\"https:\/\/akismet.com\/privacy\/\">Aprende c\u00f3mo se procesan tus datos.<\/a>\n<\/p><p style=\"display: none !important;\" class=\"akismet-fields-container\" data-prefix=\"_wpcf7_ak_\"><label>&#916;<textarea name=\"_wpcf7_ak_hp_textarea\" cols=\"45\" rows=\"8\" maxlength=\"100\"><\/textarea><\/label><input type=\"hidden\" id=\"ak_js_1\" name=\"_wpcf7_ak_js\" value=\"186\"\/><script>document.getElementById( \"ak_js_1\" ).setAttribute( \"value\", ( new Date() ).getTime() );<\/script><\/p><div class=\"wpcf7-response-output\" aria-hidden=\"true\"><\/div>\n<\/form>\n<\/div>\n\n<\/div><\/div>\n\n\n\n<div class=\"wp-block-uagb-container uagb-block-558710cf alignfull uagb-is-root-container\">\n<h2 class=\"wp-block-heading\">Hablemos de tus Metas Financieras<\/h2>\n\n\n\n<p>En <strong>Moreno Ramos y Asociados S.C.<\/strong>, nuestra historia de m\u00e1s de 40 a\u00f1os en Ciudad Obreg\u00f3n nos ha ense\u00f1ado que el mayor valor es el contacto personal. No solo ofrecemos servicios contables de excelencia, sino tambi\u00e9n la confianza y el apoyo leal de una empresa familiar dedicada a tu \u00e9xito.<\/p>\n\n\n\n<p>Si buscas aliados financieros que entiendan la realidad empresarial del Valle del Yaqui y de M\u00e9xico, y que te gu\u00eden con honestidad y dedicaci\u00f3n, est\u00e1s en el lugar correcto.<\/p>\n\n\n\n<p><strong>Estamos listos para ser el compa\u00f1ero confiable en tu viaje financiero.<\/strong><\/p>\n\n\n\n<h3 class=\"wp-block-heading\">\u00bfC\u00f3mo podemos ayudarte hoy?<\/h3>\n<\/div>\n\n\n\n<figure class=\"wp-block-image size-full is-resized\"><img loading=\"lazy\" decoding=\"async\" width=\"1024\" height=\"1024\" src=\"https:\/\/mracontadores.com\/wp-content\/uploads\/2025\/10\/Generated-Image-October-13-2025-11_08AM-2.png\" alt=\"\" class=\"wp-image-990\" style=\"width:1200px;height:auto\" srcset=\"https:\/\/mracontadores.com\/wp-content\/uploads\/2025\/10\/Generated-Image-October-13-2025-11_08AM-2.png 1024w, https:\/\/mracontadores.com\/wp-content\/uploads\/2025\/10\/Generated-Image-October-13-2025-11_08AM-2-300x300.png 300w, https:\/\/mracontadores.com\/wp-content\/uploads\/2025\/10\/Generated-Image-October-13-2025-11_08AM-2-150x150.png 150w, https:\/\/mracontadores.com\/wp-content\/uploads\/2025\/10\/Generated-Image-October-13-2025-11_08AM-2-768x768.png 768w\" sizes=\"auto, (max-width: 1024px) 100vw, 1024px\" \/><\/figure>\n","protected":false},"excerpt":{"rendered":"<p>Contacto Contactanos INFO numbers\u200b email\u200b Horario de atenci\u00f3n Lunes \u2014 Viernes 9am \u2013 5pm Hablemos de tus Metas Financieras En Moreno Ramos y Asociados S.C., nuestra historia de m\u00e1s de 40 a\u00f1os en Ciudad Obreg\u00f3n nos ha ense\u00f1ado que el mayor valor es el contacto personal. No solo ofrecemos servicios contables de excelencia, sino tambi\u00e9n [&hellip;]<\/p>\n","protected":false},"author":1,"featured_media":990,"parent":0,"menu_order":0,"comment_status":"closed","ping_status":"closed","template":"","meta":{"_uag_custom_page_level_css":"","site-sidebar-layout":"no-sidebar","site-content-layout":"plain-container","ast-site-content-layout":"normal-width-container","site-content-style":"default","site-sidebar-style":"unboxed","ast-global-header-display":"","ast-banner-title-visibility":"","ast-main-header-display":"","ast-hfb-above-header-display":"","ast-hfb-below-header-display":"","ast-hfb-mobile-header-display":"","site-post-title":"disabled","ast-breadcrumbs-content":"","ast-featured-img":"","footer-sml-layout":"","ast-disable-related-posts":"","theme-transparent-header-meta":"enabled","adv-header-id-meta":"","stick-header-meta":"","header-above-stick-meta":"","header-main-stick-meta":"","header-below-stick-meta":"","astra-migrate-meta-layouts":"set","ast-page-background-enabled":"default","ast-page-background-meta":{"desktop":{"background-color":"","background-image":"","background-repeat":"repeat","background-position":"center center","background-size":"auto","background-attachment":"scroll","background-type":"","background-media":"","overlay-type":"","overlay-color":"","overlay-opacity":"","overlay-gradient":""},"tablet":{"background-color":"","background-image":"","background-repeat":"repeat","background-position":"center center","background-size":"auto","background-attachment":"scroll","background-type":"","background-media":"","overlay-type":"","overlay-color":"","overlay-opacity":"","overlay-gradient":""},"mobile":{"background-color":"","background-image":"","background-repeat":"repeat","background-position":"center center","background-size":"auto","background-attachment":"scroll","background-type":"","background-media":"","overlay-type":"","overlay-color":"","overlay-opacity":"","overlay-gradient":""}},"ast-content-background-meta":{"desktop":{"background-color":"var(--ast-global-color-5)","background-image":"","background-repeat":"repeat","background-position":"center center","background-size":"auto","background-attachment":"scroll","background-type":"","background-media":"","overlay-type":"","overlay-color":"","overlay-opacity":"","overlay-gradient":""},"tablet":{"background-color":"var(--ast-global-color-5)","background-image":"","background-repeat":"repeat","background-position":"center center","background-size":"auto","background-attachment":"scroll","background-type":"","background-media":"","overlay-type":"","overlay-color":"","overlay-opacity":"","overlay-gradient":""},"mobile":{"background-color":"var(--ast-global-color-5)","background-image":"","background-repeat":"repeat","background-position":"center center","background-size":"auto","background-attachment":"scroll","background-type":"","background-media":"","overlay-type":"","overlay-color":"","overlay-opacity":"","overlay-gradient":""}},"footnotes":""},"class_list":["post-220","page","type-page","status-publish","has-post-thumbnail","hentry"],"yoast_head":"<!-- This site is optimized with the Yoast SEO plugin v27.4 - https:\/\/yoast.com\/product\/yoast-seo-wordpress\/ -->\n<title>Contact - Moreno Ramos y Asociados<\/title>\n<meta name=\"description\" content=\"Contacta a los contadores de Moreno Ramos y Asociados en Ciudad Obreg\u00f3n. compromiso, lealtad, asesor\u00eda contable y financiera. Ll\u00e1manos.\" \/>\n<meta name=\"robots\" content=\"index, follow, max-snippet:-1, max-image-preview:large, max-video-preview:-1\" \/>\n<link rel=\"canonical\" href=\"https:\/\/mracontadores.com\/index.php\/contact\/\" \/>\n<meta property=\"og:locale\" content=\"es_ES\" \/>\n<meta property=\"og:type\" content=\"article\" \/>\n<meta property=\"og:title\" content=\"Contact - Moreno Ramos y Asociados\" \/>\n<meta property=\"og:description\" content=\"Contacta a los contadores de Moreno Ramos y Asociados en Ciudad Obreg\u00f3n. compromiso, lealtad, asesor\u00eda contable y financiera. Ll\u00e1manos.\" \/>\n<meta property=\"og:url\" content=\"https:\/\/mracontadores.com\/index.php\/contact\/\" \/>\n<meta property=\"og:site_name\" content=\"Moreno Ramos y Asociados\" \/>\n<meta property=\"article:modified_time\" content=\"2025-10-16T16:10:52+00:00\" \/>\n<meta property=\"og:image\" content=\"https:\/\/mracontadores.com\/wp-content\/uploads\/2025\/10\/Generated-Image-October-13-2025-11_08AM-2.png\" \/>\n\t<meta property=\"og:image:width\" content=\"1024\" \/>\n\t<meta property=\"og:image:height\" content=\"1024\" \/>\n\t<meta property=\"og:image:type\" content=\"image\/png\" \/>\n<meta name=\"twitter:card\" content=\"summary_large_image\" \/>\n<meta name=\"twitter:label1\" content=\"Tiempo de lectura\" \/>\n\t<meta name=\"twitter:data1\" content=\"2 minutos\" \/>\n<script type=\"application\/ld+json\" class=\"yoast-schema-graph\">{\"@context\":\"https:\\\/\\\/schema.org\",\"@graph\":[{\"@type\":\"WebPage\",\"@id\":\"https:\\\/\\\/mracontadores.com\\\/index.php\\\/contact\\\/\",\"url\":\"https:\\\/\\\/mracontadores.com\\\/index.php\\\/contact\\\/\",\"name\":\"Contact - Moreno Ramos y Asociados\",\"isPartOf\":{\"@id\":\"https:\\\/\\\/mracontadores.com\\\/#website\"},\"primaryImageOfPage\":{\"@id\":\"https:\\\/\\\/mracontadores.com\\\/index.php\\\/contact\\\/#primaryimage\"},\"image\":{\"@id\":\"https:\\\/\\\/mracontadores.com\\\/index.php\\\/contact\\\/#primaryimage\"},\"thumbnailUrl\":\"https:\\\/\\\/mracontadores.com\\\/wp-content\\\/uploads\\\/2025\\\/10\\\/Generated-Image-October-13-2025-11_08AM-2.png\",\"datePublished\":\"2020-05-12T03:43:05+00:00\",\"dateModified\":\"2025-10-16T16:10:52+00:00\",\"description\":\"Contacta a los contadores de Moreno Ramos y Asociados en Ciudad Obreg\u00f3n. compromiso, lealtad, asesor\u00eda contable y financiera. Ll\u00e1manos.\",\"breadcrumb\":{\"@id\":\"https:\\\/\\\/mracontadores.com\\\/index.php\\\/contact\\\/#breadcrumb\"},\"inLanguage\":\"es\",\"potentialAction\":[{\"@type\":\"ReadAction\",\"target\":[\"https:\\\/\\\/mracontadores.com\\\/index.php\\\/contact\\\/\"]}]},{\"@type\":\"ImageObject\",\"inLanguage\":\"es\",\"@id\":\"https:\\\/\\\/mracontadores.com\\\/index.php\\\/contact\\\/#primaryimage\",\"url\":\"https:\\\/\\\/mracontadores.com\\\/wp-content\\\/uploads\\\/2025\\\/10\\\/Generated-Image-October-13-2025-11_08AM-2.png\",\"contentUrl\":\"https:\\\/\\\/mracontadores.com\\\/wp-content\\\/uploads\\\/2025\\\/10\\\/Generated-Image-October-13-2025-11_08AM-2.png\",\"width\":1024,\"height\":1024,\"caption\":\"Contador Genaro Moreno Marquez\"},{\"@type\":\"BreadcrumbList\",\"@id\":\"https:\\\/\\\/mracontadores.com\\\/index.php\\\/contact\\\/#breadcrumb\",\"itemListElement\":[{\"@type\":\"ListItem\",\"position\":1,\"name\":\"Portada\",\"item\":\"https:\\\/\\\/mracontadores.com\\\/\"},{\"@type\":\"ListItem\",\"position\":2,\"name\":\"Contact\"}]},{\"@type\":\"WebSite\",\"@id\":\"https:\\\/\\\/mracontadores.com\\\/#website\",\"url\":\"https:\\\/\\\/mracontadores.com\\\/\",\"name\":\"Moreno Ramos y Asociados\",\"description\":\"\",\"publisher\":{\"@id\":\"https:\\\/\\\/mracontadores.com\\\/#organization\"},\"potentialAction\":[{\"@type\":\"SearchAction\",\"target\":{\"@type\":\"EntryPoint\",\"urlTemplate\":\"https:\\\/\\\/mracontadores.com\\\/?s={search_term_string}\"},\"query-input\":{\"@type\":\"PropertyValueSpecification\",\"valueRequired\":true,\"valueName\":\"search_term_string\"}}],\"inLanguage\":\"es\"},{\"@type\":\"Organization\",\"@id\":\"https:\\\/\\\/mracontadores.com\\\/#organization\",\"name\":\"Moreno Ramos Y Asociados SC.\",\"alternateName\":\"MRA CONTADORES\",\"url\":\"https:\\\/\\\/mracontadores.com\\\/\",\"logo\":{\"@type\":\"ImageObject\",\"inLanguage\":\"es\",\"@id\":\"https:\\\/\\\/mracontadores.com\\\/#\\\/schema\\\/logo\\\/image\\\/\",\"url\":\"https:\\\/\\\/mracontadores.com\\\/wp-content\\\/uploads\\\/2023\\\/09\\\/cropped-MRALOGO2023VIVO.png\",\"contentUrl\":\"https:\\\/\\\/mracontadores.com\\\/wp-content\\\/uploads\\\/2023\\\/09\\\/cropped-MRALOGO2023VIVO.png\",\"width\":512,\"height\":512,\"caption\":\"Moreno Ramos Y Asociados SC.\"},\"image\":{\"@id\":\"https:\\\/\\\/mracontadores.com\\\/#\\\/schema\\\/logo\\\/image\\\/\"}}]}<\/script>\n<!-- \/ Yoast SEO plugin. -->","yoast_head_json":{"title":"Contact - Moreno Ramos y Asociados","description":"Contacta a los contadores de Moreno Ramos y Asociados en Ciudad Obreg\u00f3n. compromiso, lealtad, asesor\u00eda contable y financiera. Ll\u00e1manos.","robots":{"index":"index","follow":"follow","max-snippet":"max-snippet:-1","max-image-preview":"max-image-preview:large","max-video-preview":"max-video-preview:-1"},"canonical":"https:\/\/mracontadores.com\/index.php\/contact\/","og_locale":"es_ES","og_type":"article","og_title":"Contact - Moreno Ramos y Asociados","og_description":"Contacta a los contadores de Moreno Ramos y Asociados en Ciudad Obreg\u00f3n. compromiso, lealtad, asesor\u00eda contable y financiera. Ll\u00e1manos.","og_url":"https:\/\/mracontadores.com\/index.php\/contact\/","og_site_name":"Moreno Ramos y Asociados","article_modified_time":"2025-10-16T16:10:52+00:00","og_image":[{"width":1024,"height":1024,"url":"https:\/\/mracontadores.com\/wp-content\/uploads\/2025\/10\/Generated-Image-October-13-2025-11_08AM-2.png","type":"image\/png"}],"twitter_card":"summary_large_image","twitter_misc":{"Tiempo de lectura":"2 minutos"},"schema":{"@context":"https:\/\/schema.org","@graph":[{"@type":"WebPage","@id":"https:\/\/mracontadores.com\/index.php\/contact\/","url":"https:\/\/mracontadores.com\/index.php\/contact\/","name":"Contact - Moreno Ramos y Asociados","isPartOf":{"@id":"https:\/\/mracontadores.com\/#website"},"primaryImageOfPage":{"@id":"https:\/\/mracontadores.com\/index.php\/contact\/#primaryimage"},"image":{"@id":"https:\/\/mracontadores.com\/index.php\/contact\/#primaryimage"},"thumbnailUrl":"https:\/\/mracontadores.com\/wp-content\/uploads\/2025\/10\/Generated-Image-October-13-2025-11_08AM-2.png","datePublished":"2020-05-12T03:43:05+00:00","dateModified":"2025-10-16T16:10:52+00:00","description":"Contacta a los contadores de Moreno Ramos y Asociados en Ciudad Obreg\u00f3n. compromiso, lealtad, asesor\u00eda contable y financiera. Ll\u00e1manos.","breadcrumb":{"@id":"https:\/\/mracontadores.com\/index.php\/contact\/#breadcrumb"},"inLanguage":"es","potentialAction":[{"@type":"ReadAction","target":["https:\/\/mracontadores.com\/index.php\/contact\/"]}]},{"@type":"ImageObject","inLanguage":"es","@id":"https:\/\/mracontadores.com\/index.php\/contact\/#primaryimage","url":"https:\/\/mracontadores.com\/wp-content\/uploads\/2025\/10\/Generated-Image-October-13-2025-11_08AM-2.png","contentUrl":"https:\/\/mracontadores.com\/wp-content\/uploads\/2025\/10\/Generated-Image-October-13-2025-11_08AM-2.png","width":1024,"height":1024,"caption":"Contador Genaro Moreno Marquez"},{"@type":"BreadcrumbList","@id":"https:\/\/mracontadores.com\/index.php\/contact\/#breadcrumb","itemListElement":[{"@type":"ListItem","position":1,"name":"Portada","item":"https:\/\/mracontadores.com\/"},{"@type":"ListItem","position":2,"name":"Contact"}]},{"@type":"WebSite","@id":"https:\/\/mracontadores.com\/#website","url":"https:\/\/mracontadores.com\/","name":"Moreno Ramos y Asociados","description":"","publisher":{"@id":"https:\/\/mracontadores.com\/#organization"},"potentialAction":[{"@type":"SearchAction","target":{"@type":"EntryPoint","urlTemplate":"https:\/\/mracontadores.com\/?s={search_term_string}"},"query-input":{"@type":"PropertyValueSpecification","valueRequired":true,"valueName":"search_term_string"}}],"inLanguage":"es"},{"@type":"Organization","@id":"https:\/\/mracontadores.com\/#organization","name":"Moreno Ramos Y Asociados SC.","alternateName":"MRA CONTADORES","url":"https:\/\/mracontadores.com\/","logo":{"@type":"ImageObject","inLanguage":"es","@id":"https:\/\/mracontadores.com\/#\/schema\/logo\/image\/","url":"https:\/\/mracontadores.com\/wp-content\/uploads\/2023\/09\/cropped-MRALOGO2023VIVO.png","contentUrl":"https:\/\/mracontadores.com\/wp-content\/uploads\/2023\/09\/cropped-MRALOGO2023VIVO.png","width":512,"height":512,"caption":"Moreno Ramos Y Asociados SC."},"image":{"@id":"https:\/\/mracontadores.com\/#\/schema\/logo\/image\/"}}]}},"uagb_featured_image_src":{"full":["https:\/\/mracontadores.com\/wp-content\/uploads\/2025\/10\/Generated-Image-October-13-2025-11_08AM-2.png",1024,1024,false],"thumbnail":["https:\/\/mracontadores.com\/wp-content\/uploads\/2025\/10\/Generated-Image-October-13-2025-11_08AM-2-150x150.png",150,150,true],"medium":["https:\/\/mracontadores.com\/wp-content\/uploads\/2025\/10\/Generated-Image-October-13-2025-11_08AM-2-300x300.png",300,300,true],"medium_large":["https:\/\/mracontadores.com\/wp-content\/uploads\/2025\/10\/Generated-Image-October-13-2025-11_08AM-2-768x768.png",768,768,true],"large":["https:\/\/mracontadores.com\/wp-content\/uploads\/2025\/10\/Generated-Image-October-13-2025-11_08AM-2.png",1024,1024,false],"1536x1536":["https:\/\/mracontadores.com\/wp-content\/uploads\/2025\/10\/Generated-Image-October-13-2025-11_08AM-2.png",1024,1024,false],"2048x2048":["https:\/\/mracontadores.com\/wp-content\/uploads\/2025\/10\/Generated-Image-October-13-2025-11_08AM-2.png",1024,1024,false]},"uagb_author_info":{"display_name":"admin","author_link":"https:\/\/mracontadores.com\/index.php\/author\/admin_4rxamcv8\/"},"uagb_comment_info":0,"uagb_excerpt":"Contacto Contactanos INFO numbers\u200b email\u200b Horario de atenci\u00f3n Lunes \u2014 Viernes 9am \u2013 5pm Hablemos de tus Metas Financieras En Moreno Ramos y Asociados S.C., nuestra historia de m\u00e1s de 40 a\u00f1os en Ciudad Obreg\u00f3n nos ha ense\u00f1ado que el mayor valor es el contacto personal. No solo ofrecemos servicios contables de excelencia, sino tambi\u00e9n&hellip;","_links":{"self":[{"href":"https:\/\/mracontadores.com\/index.php\/wp-json\/wp\/v2\/pages\/220","targetHints":{"allow":["GET"]}}],"collection":[{"href":"https:\/\/mracontadores.com\/index.php\/wp-json\/wp\/v2\/pages"}],"about":[{"href":"https:\/\/mracontadores.com\/index.php\/wp-json\/wp\/v2\/types\/page"}],"author":[{"embeddable":true,"href":"https:\/\/mracontadores.com\/index.php\/wp-json\/wp\/v2\/users\/1"}],"replies":[{"embeddable":true,"href":"https:\/\/mracontadores.com\/index.php\/wp-json\/wp\/v2\/comments?post=220"}],"version-history":[{"count":13,"href":"https:\/\/mracontadores.com\/index.php\/wp-json\/wp\/v2\/pages\/220\/revisions"}],"predecessor-version":[{"id":994,"href":"https:\/\/mracontadores.com\/index.php\/wp-json\/wp\/v2\/pages\/220\/revisions\/994"}],"wp:featuredmedia":[{"embeddable":true,"href":"https:\/\/mracontadores.com\/index.php\/wp-json\/wp\/v2\/media\/990"}],"wp:attachment":[{"href":"https:\/\/mracontadores.com\/index.php\/wp-json\/wp\/v2\/media?parent=220"}],"curies":[{"name":"wp","href":"https:\/\/api.w.org\/{rel}","templated":true}]}}